{"id":282,"date":"2020-01-20T16:45:34","date_gmt":"2020-01-20T14:45:34","guid":{"rendered":"http:\/\/www.dizabil.eu\/info\/?page_id=282"},"modified":"2020-01-20T16:45:34","modified_gmt":"2020-01-20T14:45:34","slug":"informatii-utile","status":"publish","type":"page","link":"https:\/\/www.dizabil.eu\/info\/informatii-utile\/","title":{"rendered":"Informatii Utile"},"content":{"rendered":"<div class=\"pt-cv-wrapper\"><div class=\"pt-cv-view pt-cv-grid pt-cv-colsys\" id=\"pt-cv-view-827dc43092\"><div data-id=\"pt-cv-page-1\" class=\"pt-cv-page\" data-cvc=\"1\"><div class=\"col-md-12 col-sm-12 col-xs-12 pt-cv-content-item pt-cv-2-col\" ><div class='pt-cv-ifield'><a href=\"https:\/\/www.dizabil.eu\/info\/recomandari-pentru-situatii-de-urgenta\/\" class=\"_self pt-cv-href-thumbnail pt-cv-thumb-left\" target=\"_self\" ><img width=\"150\" height=\"150\" src=\"http:\/\/www.dizabil.eu\/info\/content\/recomandari-pentru-situatii-de-urgenta_files\/aj-sit-u.jpg\" class=\"pt-cv-thumbnail pull-left no-lazy\" alt=\"Recomandari pentru situatii de urgenta\" loading=\"lazy\" \/><\/a>\n<div class=\"pt-cv-colwrap\"><h4 class=\"pt-cv-title\"><a href=\"https:\/\/www.dizabil.eu\/info\/recomandari-pentru-situatii-de-urgenta\/\" class=\"_self\" target=\"_self\" >Recomandari pentru situatii de urgenta<\/a><\/h4><div class=\"pt-cv-content\">\u00cen cazul \u00een care sunte\u0163i surprins de inunda\u0163ii la domiciliu, I.S.U. va recomand\u0103 urm\u0103toarele: \u2022 Aduce\u0163i \u00een cas\u0103 unele lucruri ...<br \/><a href=\"https:\/\/www.dizabil.eu\/info\/recomandari-pentru-situatii-de-urgenta\/\" class=\"_self pt-cv-readmore btn btn-success\" target=\"_self\"><none><\/none><\/a><\/div><\/div><\/div><\/div>\n<div class=\"col-md-12 col-sm-12 col-xs-12 pt-cv-content-item pt-cv-2-col\" ><div class='pt-cv-ifield'><a href=\"https:\/\/www.dizabil.eu\/info\/persoanele-cu-dizabilitati-pot-fi-ajutate-de-robotul-obi-sa-manance\/\" class=\"_self pt-cv-href-thumbnail pt-cv-thumb-left\" target=\"_self\" ><img width=\"150\" height=\"150\" src=\"https:\/\/www.dizabil.eu\/info\/wp-content\/uploads\/2016\/08\/Robotul-OBI-150x150.png\" class=\"pt-cv-thumbnail pull-left no-lazy\" alt=\"Robotul OBI te ajuta sa manaci\" loading=\"lazy\" \/><\/a>\n<div class=\"pt-cv-colwrap\"><h4 class=\"pt-cv-title\"><a href=\"https:\/\/www.dizabil.eu\/info\/persoanele-cu-dizabilitati-pot-fi-ajutate-de-robotul-obi-sa-manance\/\" class=\"_self\" target=\"_self\" >Robotul Obi poate ajuta persoanele cu dizabilitati  sa manance<\/a><\/h4><div class=\"pt-cv-content\">Compania Desing din Danemarca a creat robotul Obi pentru a ajuta acele persoane cu dizabilitati care au mobilitate redusa la ...<br \/><a href=\"https:\/\/www.dizabil.eu\/info\/persoanele-cu-dizabilitati-pot-fi-ajutate-de-robotul-obi-sa-manance\/\" class=\"_self pt-cv-readmore btn btn-success\" target=\"_self\"><none><\/none><\/a><\/div><\/div><\/div><\/div>\n<div class=\"col-md-12 col-sm-12 col-xs-12 pt-cv-content-item pt-cv-2-col\" ><div class='pt-cv-ifield'><a href=\"https:\/\/www.dizabil.eu\/info\/primul-ajutor-caz-de-inec\/\" class=\"_self pt-cv-href-thumbnail pt-cv-thumb-left\" target=\"_self\" ><img width=\"150\" height=\"150\" src=\"http:\/\/www.dizabil.eu\/info\/content\/primul-ajutor-caz-de-inec_files\/prim-aju.jpg\" class=\"pt-cv-thumbnail pull-left no-lazy\" alt=\"Primul ajutor in caz de inec\" loading=\"lazy\" \/><\/a>\n<div class=\"pt-cv-colwrap\"><h4 class=\"pt-cv-title\"><a href=\"https:\/\/www.dizabil.eu\/info\/primul-ajutor-caz-de-inec\/\" class=\"_self\" target=\"_self\" >Primul ajutor in caz de inec<\/a><\/h4><div class=\"pt-cv-content\">\u00cenc\u0103 este var\u0103, mercurul din termometre indic\u0103 multe grade Celsius, iar piscinele \u015fi locurile tradi\u0163ionale de sc\u0103ldat sunt destina\u0163ia preferat\u0103 ...<br \/><a href=\"https:\/\/www.dizabil.eu\/info\/primul-ajutor-caz-de-inec\/\" class=\"_self pt-cv-readmore btn btn-success\" target=\"_self\"><none><\/none><\/a><\/div><\/div><\/div><\/div>\n<div class=\"col-md-12 col-sm-12 col-xs-12 pt-cv-content-item pt-cv-2-col\" ><div class='pt-cv-ifield'><a href=\"https:\/\/www.dizabil.eu\/info\/telefonul-copilului-116111\/\" class=\"_self pt-cv-href-thumbnail pt-cv-thumb-left\" target=\"_self\" ><img width=\"150\" height=\"150\" src=\"http:\/\/www.dizabil.eu\/info\/content\/telefonul-copilului-116111_files\/459018-t.jpg\" class=\"pt-cv-thumbnail pull-left no-lazy\" alt=\"Telefonul copilului 116.111\" loading=\"lazy\" \/><\/a>\n<div class=\"pt-cv-colwrap\"><h4 class=\"pt-cv-title\"><a href=\"https:\/\/www.dizabil.eu\/info\/telefonul-copilului-116111\/\" class=\"_self\" target=\"_self\" >Telefonul copilului 116.111<\/a><\/h4><div class=\"pt-cv-content\">Apel\u00e2nd num\u0103rul 116.111, num\u0103rul unic european de asisten\u021b\u0103 pentru copii, oricine poate semnala orice lucru grav care se petrece cu ...<br \/><a href=\"https:\/\/www.dizabil.eu\/info\/telefonul-copilului-116111\/\" class=\"_self pt-cv-readmore btn btn-success\" target=\"_self\"><none><\/none><\/a><\/div><\/div><\/div><\/div><\/div><\/div><\/div>\n","protected":false},"excerpt":{"rendered":"","protected":false},"author":1,"featured_media":0,"parent":0,"menu_order":0,"comment_status":"closed","ping_status":"closed","template":"","meta":{"cybocfi_hide_featured_image":""},"yoast_head":"<!-- This site is optimized with the Yoast SEO plugin v18.0 - https:\/\/yoast.com\/wordpress\/plugins\/seo\/ -->\n<title>Informatii Utile - info.dizabil.eu<\/title>\n<meta name=\"robots\" content=\"index, follow, max-snippet:-1, max-image-preview:large, max-video-preview:-1\" \/>\n<link rel=\"canonical\" href=\"https:\/\/www.dizabil.eu\/info\/informatii-utile\/\" \/>\n<meta property=\"og:locale\" content=\"ro_RO\" \/>\n<meta property=\"og:type\" content=\"article\" \/>\n<meta property=\"og:title\" content=\"Informatii Utile - info.dizabil.eu\" \/>\n<meta property=\"og:url\" content=\"https:\/\/www.dizabil.eu\/info\/informatii-utile\/\" \/>\n<meta property=\"og:site_name\" content=\"info.dizabil.eu\" \/>\n<meta name=\"twitter:card\" content=\"summary_large_image\" \/>\n<script type=\"application\/ld+json\" class=\"yoast-schema-graph\">{\"@context\":\"https:\/\/schema.org\",\"@graph\":[{\"@type\":\"WebSite\",\"@id\":\"https:\/\/www.dizabil.eu\/info\/#website\",\"url\":\"https:\/\/www.dizabil.eu\/info\/\",\"name\":\"info.dizabil.eu\",\"description\":\"site destinat persoanelor cu dizabilitati\",\"potentialAction\":[{\"@type\":\"SearchAction\",\"target\":{\"@type\":\"EntryPoint\",\"urlTemplate\":\"https:\/\/www.dizabil.eu\/info\/?s={search_term_string}\"},\"query-input\":\"required name=search_term_string\"}],\"inLanguage\":\"ro-RO\"},{\"@type\":\"WebPage\",\"@id\":\"https:\/\/www.dizabil.eu\/info\/informatii-utile\/#webpage\",\"url\":\"https:\/\/www.dizabil.eu\/info\/informatii-utile\/\",\"name\":\"Informatii Utile - info.dizabil.eu\",\"isPartOf\":{\"@id\":\"https:\/\/www.dizabil.eu\/info\/#website\"},\"datePublished\":\"2020-01-20T14:45:34+00:00\",\"dateModified\":\"2020-01-20T14:45:34+00:00\",\"breadcrumb\":{\"@id\":\"https:\/\/www.dizabil.eu\/info\/informatii-utile\/#breadcrumb\"},\"inLanguage\":\"ro-RO\",\"potentialAction\":[{\"@type\":\"ReadAction\",\"target\":[\"https:\/\/www.dizabil.eu\/info\/informatii-utile\/\"]}]},{\"@type\":\"BreadcrumbList\",\"@id\":\"https:\/\/www.dizabil.eu\/info\/informatii-utile\/#breadcrumb\",\"itemListElement\":[{\"@type\":\"ListItem\",\"position\":1,\"name\":\"Prima pagin\u0103\",\"item\":\"https:\/\/www.dizabil.eu\/info\/\"},{\"@type\":\"ListItem\",\"position\":2,\"name\":\"Informatii Utile\"}]}]}<\/script>\n<!-- \/ Yoast SEO plugin. -->","yoast_head_json":{"title":"Informatii Utile - info.dizabil.eu","robots":{"index":"index","follow":"follow","max-snippet":"max-snippet:-1","max-image-preview":"max-image-preview:large","max-video-preview":"max-video-preview:-1"},"canonical":"https:\/\/www.dizabil.eu\/info\/informatii-utile\/","og_locale":"ro_RO","og_type":"article","og_title":"Informatii Utile - info.dizabil.eu","og_url":"https:\/\/www.dizabil.eu\/info\/informatii-utile\/","og_site_name":"info.dizabil.eu","twitter_card":"summary_large_image","schema":{"@context":"https:\/\/schema.org","@graph":[{"@type":"WebSite","@id":"https:\/\/www.dizabil.eu\/info\/#website","url":"https:\/\/www.dizabil.eu\/info\/","name":"info.dizabil.eu","description":"site destinat persoanelor cu dizabilitati","potentialAction":[{"@type":"SearchAction","target":{"@type":"EntryPoint","urlTemplate":"https:\/\/www.dizabil.eu\/info\/?s={search_term_string}"},"query-input":"required name=search_term_string"}],"inLanguage":"ro-RO"},{"@type":"WebPage","@id":"https:\/\/www.dizabil.eu\/info\/informatii-utile\/#webpage","url":"https:\/\/www.dizabil.eu\/info\/informatii-utile\/","name":"Informatii Utile - info.dizabil.eu","isPartOf":{"@id":"https:\/\/www.dizabil.eu\/info\/#website"},"datePublished":"2020-01-20T14:45:34+00:00","dateModified":"2020-01-20T14:45:34+00:00","breadcrumb":{"@id":"https:\/\/www.dizabil.eu\/info\/informatii-utile\/#breadcrumb"},"inLanguage":"ro-RO","potentialAction":[{"@type":"ReadAction","target":["https:\/\/www.dizabil.eu\/info\/informatii-utile\/"]}]},{"@type":"BreadcrumbList","@id":"https:\/\/www.dizabil.eu\/info\/informatii-utile\/#breadcrumb","itemListElement":[{"@type":"ListItem","position":1,"name":"Prima pagin\u0103","item":"https:\/\/www.dizabil.eu\/info\/"},{"@type":"ListItem","position":2,"name":"Informatii Utile"}]}]}},"_links":{"self":[{"href":"https:\/\/www.dizabil.eu\/info\/wp-json\/wp\/v2\/pages\/282"}],"collection":[{"href":"https:\/\/www.dizabil.eu\/info\/wp-json\/wp\/v2\/pages"}],"about":[{"href":"https:\/\/www.dizabil.eu\/info\/wp-json\/wp\/v2\/types\/page"}],"author":[{"embeddable":true,"href":"https:\/\/www.dizabil.eu\/info\/wp-json\/wp\/v2\/users\/1"}],"replies":[{"embeddable":true,"href":"https:\/\/www.dizabil.eu\/info\/wp-json\/wp\/v2\/comments?post=282"}],"version-history":[{"count":1,"href":"https:\/\/www.dizabil.eu\/info\/wp-json\/wp\/v2\/pages\/282\/revisions"}],"predecessor-version":[{"id":284,"href":"https:\/\/www.dizabil.eu\/info\/wp-json\/wp\/v2\/pages\/282\/revisions\/284"}],"wp:attachment":[{"href":"https:\/\/www.dizabil.eu\/info\/wp-json\/wp\/v2\/media?parent=282"}],"curies":[{"name":"wp","href":"https:\/\/api.w.org\/{rel}","templated":true}]}}